{"id":133,"date":"2023-03-06T19:06:17","date_gmt":"2023-03-06T19:06:17","guid":{"rendered":"https:\/\/maqnusa.com\/?post_type=product&#038;p=133"},"modified":"2023-03-27T03:52:09","modified_gmt":"2023-03-27T03:52:09","slug":"amasadora-tipo-arana","status":"publish","type":"product","link":"https:\/\/maqnusa.com\/?product=amasadora-tipo-arana","title":{"rendered":"Amasadora Tipo Ara\u00f1a"},"content":{"rendered":"<p><strong>PRECIOS SEGUN EL ACABADO:<\/strong><\/p>\n<table border=\"1\" cellspacing=\"1\" cellpadding=\"1\">\n<tbody>\n<tr>\n<td><strong>Amasadoras de 1 Velocidad<\/strong><\/td>\n<td><\/td>\n<td><\/td>\n<td><\/td>\n<\/tr>\n<tr>\n<td>Capacidad<\/td>\n<td>Precio Laminada con Cazo de Acero Inoxidable<\/td>\n<td>Precio Laminada<\/td>\n<td>Precio Brillante<\/td>\n<\/tr>\n<tr>\n<td>20 Kilos<\/td>\n<td>$25,200 MXN<\/td>\n<td>$23,760 MXN<\/td>\n<td>$26,640 MXN<\/td>\n<\/tr>\n<tr>\n<td>30 Kilos<\/td>\n<td>$27,360 MXN<\/td>\n<td>$25,920 MXN<\/td>\n<td>$28,800 MXN<\/td>\n<\/tr>\n<tr>\n<td><strong>Amasadoras de 3 Velocidades<\/strong><\/td>\n<td><\/td>\n<td><\/td>\n<td><\/td>\n<\/tr>\n<tr>\n<td>10 Kilos<\/td>\n<td><\/td>\n<td><\/td>\n<td>$24,000 MXN<\/td>\n<\/tr>\n<tr>\n<td>20 Kilos<\/td>\n<td>$26,640 MXN<\/td>\n<td>$25,200 MXN<\/td>\n<td>$28,080 MXN<\/td>\n<\/tr>\n<tr>\n<td>30 Kilos<\/td>\n<td>$30,960 MXN<\/td>\n<td>$29,520 MXN<\/td>\n<td>$32,400 MXN<\/td>\n<\/tr>\n<tr>\n<td>50 Kilos (Monof\u00e1sica)<\/td>\n<td><\/td>\n<td><\/td>\n<td>$36,000 MXN<\/td>\n<\/tr>\n<tr>\n<td>60 Kilos (Bif\u00e1sica)<\/td>\n<td><\/td>\n<td><\/td>\n<td>$36,000 MXN<\/td>\n<\/tr>\n<tr>\n<td>80 Kilos (Trif\u00e1sica)<\/td>\n<td><\/td>\n<td><\/td>\n<td>$36,000 MXN<\/td>\n<\/tr>\n<\/tbody>\n<\/table>\n<p><strong>FUNCION DE LA MAQUINA:<\/strong><\/p>\n<p>Especial para amasar masa de trigo para tortillas de trigo, bolillo, baguete, pan integral, masa para donas, etc.<\/p>\n<p><strong>MEDIDAS:<\/strong><\/p>\n<p>De la de 30 Kilos Ancho de .60 por 1.20 y de alto 1.30<\/p>\n<p><strong>ESPECIFICACIONES:<\/strong><\/p>\n<p>*Ara\u00f1a y cuchilla de fierro dulce esta\u00f1ado o cromado<\/p>\n<p>*Cazo de Placa o de Inoxidable seg\u00fan lo requiera<\/p>\n<p>*Acabado Brillante (Acero Inoxidable)<\/p>\n<p>*Acabado Laminada (Esmaltado)<\/p>\n<p>*Acabado Laminado con Cazo de Acero Inoxidable<\/p>\n<p>*Corriente 110 o 220 seg\u00fan sus necesidades<\/p>\n<p>*Las manejamos de 1 o de 3 Velocidades<\/p>\n<p><strong>TIEMPO DE ENTREGA<\/strong><\/p>\n<p>De 3 a 5 d\u00edas h\u00e1biles.<\/p>\n<p><strong>FLETE<\/strong><\/p>\n<p>A ocurre corre por cuenta del comprador, Realizamos env\u00edos Nacionales e Internacionales.\u00a0Para realizar la cotizaci\u00f3n env\u00edenos mediante la secci\u00f3n de contacto o nuestro chat \u00a0los siguientes datos. Pa\u00eds, Ciudad, Municipio o Localidad y su Cp.<\/p>\n<p><strong>GARANTIA<\/strong><\/p>\n<p>La garant\u00eda de 6 meses contra defecto de fabricaci\u00f3n , Tambien se les env\u00eda un video por correo o por Whatsapp antes de enviarla en el cual consta en buen funcionamiento de la maquina o en su caso puede venir el cliente a checar el funcionamiento de la misma a nuestro taller.<\/p>\n<p><strong>METODOS DE PAGO<\/strong><\/p>\n<p>*Efectivo pagando en nuestro taller ubicado en Monterrey<\/p>\n<p>*Transferencia o Dep\u00f3sitos Bancarios<\/p>\n<p>*Pago con Tarjeta de Debito o Cr\u00e9dito<\/p>\n<p>*Si usted se ubica en otro estado o pa\u00eds puede realizar pagos con tarjetas de debito o cr\u00e9dito mediante Links de Pago<\/p>\n","protected":false},"excerpt":{"rendered":"<p>PRECIOS SEGUN EL ACABADO: Amasadoras de 1 Velocidad Capacidad Precio Laminada con Cazo de Acero Inoxidable Precio Laminada Precio Brillante 20 Kilos $25,200 MXN $23,760 MXN $26,640 MXN 30 Kilos&#8230;<\/p>\n","protected":false},"featured_media":134,"comment_status":"open","ping_status":"closed","template":"","meta":[],"product_brand":[],"product_cat":[20,18],"product_tag":[],"class_list":{"0":"post-133","1":"product","2":"type-product","3":"status-publish","4":"has-post-thumbnail","6":"product_cat-pizzerias","7":"product_cat-tortilladoras","9":"first","10":"instock","11":"shipping-taxable","12":"purchasable","13":"product-type-variable"},"_links":{"self":[{"href":"https:\/\/maqnusa.com\/index.php?rest_route=\/wp\/v2\/product\/133","targetHints":{"allow":["GET"]}}],"collection":[{"href":"https:\/\/maqnusa.com\/index.php?rest_route=\/wp\/v2\/product"}],"about":[{"href":"https:\/\/maqnusa.com\/index.php?rest_route=\/wp\/v2\/types\/product"}],"replies":[{"embeddable":true,"href":"https:\/\/maqnusa.com\/index.php?rest_route=%2Fwp%2Fv2%2Fcomments&post=133"}],"wp:featuredmedia":[{"embeddable":true,"href":"https:\/\/maqnusa.com\/index.php?rest_route=\/wp\/v2\/media\/134"}],"wp:attachment":[{"href":"https:\/\/maqnusa.com\/index.php?rest_route=%2Fwp%2Fv2%2Fmedia&parent=133"}],"wp:term":[{"taxonomy":"product_brand","embeddable":true,"href":"https:\/\/maqnusa.com\/index.php?rest_route=%2Fwp%2Fv2%2Fproduct_brand&post=133"},{"taxonomy":"product_cat","embeddable":true,"href":"https:\/\/maqnusa.com\/index.php?rest_route=%2Fwp%2Fv2%2Fproduct_cat&post=133"},{"taxonomy":"product_tag","embeddable":true,"href":"https:\/\/maqnusa.com\/index.php?rest_route=%2Fwp%2Fv2%2Fproduct_tag&post=133"}],"curies":[{"name":"wp","href":"https:\/\/api.w.org\/{rel}","templated":true}]}}