{"id":220,"date":"2023-03-10T18:11:05","date_gmt":"2023-03-10T18:11:05","guid":{"rendered":"https:\/\/maqnusa.com\/?post_type=product&#038;p=220"},"modified":"2024-07-08T06:05:48","modified_gmt":"2024-07-08T11:05:48","slug":"prensa-de-libro","status":"publish","type":"product","link":"https:\/\/maqnusa.com\/?product=prensa-de-libro","title":{"rendered":"Prensa de libro"},"content":{"rendered":"<p>\n<iframe loading=\"lazy\" allowfullscreen=\"allowfullscreen\" class=\"aligncenter\" frameborder=\"0\" height=\"315\" src=\"https:\/\/www.youtube.com\/embed\/w9SEvpLPgMs\" width=\"560\"><\/iframe>\n<\/p>\n<p>&nbsp;<\/p>\n<p><strong>ESPECIFICACIONES:<\/strong><br \/>\nEsta m\u00e1quina hace el proceso de elaboraci\u00f3n mucho m\u00e1s r\u00e1pido y eficiente d\u00e1ndole la forma a la tortilla de harina. Extiende la tortilla d\u00e1ndole la medida que usted necesita esta prensa es la adecuada para fabricar tortilla cruda y se puede hacer tortilla taquera, de mesa, pirata y de burrito.<\/p>\n<p>C\u00f3mo somos fabricantes nos adaptamos a lo que el cliente necesite realizando pruebas y haciendo modificaciones en nuestras maquinas.<\/p>\n<p>Estamos en contacto con nuestros clientes d\u00e1ndoles asesor\u00eda v\u00eda telef\u00f3nica o por WhatsApp.<\/p>\n<p>MEDIDAS:<br \/>\n60 cm. de ancho por 50 cm. de largo y 1.48 m. de alto.<\/p>\n<p><strong>PRODUCCI\u00d3N:<\/strong><br \/>\n1,200 testales por hora aproximadamente.<\/p>\n<p>CARACTER\u00cdSTICAS:<br \/>\n*Fabricada en acero reforzado.<br \/>\n*Corriente 110 o 220 seg\u00fan sus necesidades<br \/>\n*Prensa tortilla desde taquera hasta la de burrito.<br \/>\n*Tiene ruedas para su f\u00e1cil traslado.<br \/>\n*Cuenta con puerta en la parte trasera.<br \/>\n*El resbaladero es de acero inoxidable.<br \/>\n*Las prensas son de aluminio.<br \/>\n* Cuenta con control digital autom\u00e1tico<br \/>\n*Se puede fabricar con las medidas que requiera<\/p>\n<p><strong>TIEMPO DE ENTREGA:<\/strong><br \/>\nDe 4 a 5 Semanas, Se paga el 50% al ordenar y el resto al estar lista la m\u00e1quina<\/p>\n<p><strong>ENTREGA EXPRESS:<\/strong><br \/>\nDe 7 a 10 d\u00edas siendo el pago es de contado directamente a la cuenta de MAQNUSA<\/p>\n<p>Tambi\u00e9n podemos enviar a Estados Unidos, Canad\u00e1, San Jos\u00e9 Costa Rica, Guatemala etc.<\/p>\n<p>Para realizar la cotizaci\u00f3n envianos mediante la seccion de contacto o nuestro chat \u00a0los siguientes datos.<br \/>\nSi requiere el env\u00edo a domicilio o ocurre.<br \/>\nPa\u00eds o Municipio.<br \/>\nC.P.<\/p>\n<p><strong>GARANT\u00cdA<\/strong><br \/>\nLa garant\u00eda de 6 meses contra defecto de fabricaci\u00f3n, Tambien se les env\u00eda un video por correo o por Whatsapp antes de enviarla en el cual consta en buen funcionamiento de la maquina o en su caso puede venir el cliente a checar el funcionamiento de la misma a nuestro taller.<\/p>\n<p><strong>METODOS DE PAGO<\/strong><\/p>\n<p>*Efectivo pagando en nuestro taller ubicado en Monterrey<\/p>\n<p>*Transferencia o Dep\u00f3sitos Bancarios<\/p>\n<p>*Pago con Tarjeta de Debito o Cr\u00e9dito<\/p>\n<p>*Si usted se ubica en otro estado o pa\u00eds puede realizar pagos con tarjetas de debito o cr\u00e9dito mediante Links de Pago<\/p>\n<p><strong>Nota:<\/strong><br \/>\nEsta m\u00e1quina es pr\u00e1cticamente nueva lo \u00fanico que es usado es el motorreductor, el cual es probado anteriormente por una persona especializada para su buen funcionamiento ya que si fueran nuevos se elevar\u00eda demasiado el precio de la m\u00e1quina.<\/p>\n","protected":false},"excerpt":{"rendered":"<p>&nbsp; ESPECIFICACIONES: Esta m\u00e1quina hace el proceso de elaboraci\u00f3n mucho m\u00e1s r\u00e1pido y eficiente d\u00e1ndole la forma a la tortilla de harina. Extiende la tortilla d\u00e1ndole la medida que usted&#8230;<\/p>\n","protected":false},"featured_media":221,"comment_status":"open","ping_status":"closed","template":"","meta":[],"product_brand":[],"product_cat":[18],"product_tag":[],"class_list":{"0":"post-220","1":"product","2":"type-product","3":"status-publish","4":"has-post-thumbnail","6":"product_cat-tortilladoras","8":"first","9":"instock","10":"shipping-taxable","11":"purchasable","12":"product-type-simple"},"_links":{"self":[{"href":"https:\/\/maqnusa.com\/index.php?rest_route=\/wp\/v2\/product\/220","targetHints":{"allow":["GET"]}}],"collection":[{"href":"https:\/\/maqnusa.com\/index.php?rest_route=\/wp\/v2\/product"}],"about":[{"href":"https:\/\/maqnusa.com\/index.php?rest_route=\/wp\/v2\/types\/product"}],"replies":[{"embeddable":true,"href":"https:\/\/maqnusa.com\/index.php?rest_route=%2Fwp%2Fv2%2Fcomments&post=220"}],"wp:featuredmedia":[{"embeddable":true,"href":"https:\/\/maqnusa.com\/index.php?rest_route=\/wp\/v2\/media\/221"}],"wp:attachment":[{"href":"https:\/\/maqnusa.com\/index.php?rest_route=%2Fwp%2Fv2%2Fmedia&parent=220"}],"wp:term":[{"taxonomy":"product_brand","embeddable":true,"href":"https:\/\/maqnusa.com\/index.php?rest_route=%2Fwp%2Fv2%2Fproduct_brand&post=220"},{"taxonomy":"product_cat","embeddable":true,"href":"https:\/\/maqnusa.com\/index.php?rest_route=%2Fwp%2Fv2%2Fproduct_cat&post=220"},{"taxonomy":"product_tag","embeddable":true,"href":"https:\/\/maqnusa.com\/index.php?rest_route=%2Fwp%2Fv2%2Fproduct_tag&post=220"}],"curies":[{"name":"wp","href":"https:\/\/api.w.org\/{rel}","templated":true}]}}