{"id":223,"date":"2023-03-10T18:31:53","date_gmt":"2023-03-10T18:31:53","guid":{"rendered":"https:\/\/maqnusa.com\/?post_type=product&#038;p=223"},"modified":"2025-03-19T21:37:52","modified_gmt":"2025-03-20T03:37:52","slug":"horno-de-comales-giratorios","status":"publish","type":"product","link":"https:\/\/maqnusa.com\/?product=horno-de-comales-giratorios","title":{"rendered":"Horno de comales giratorios"},"content":{"rendered":"<p><iframe loading=\"lazy\" class=\"aligncenter\" src=\"https:\/\/www.youtube.com\/embed\/RPP6LXU1gB4\" width=\"560\" height=\"315\" frameborder=\"0\" allowfullscreen=\"allowfullscreen\"><\/iframe><br \/>\n<strong>ESPECIFICACIONES<\/strong><br \/>\nCocee la tortilla de harina de forma autom\u00e1tica ideal para comercios donde hay contacto con los clientes, su dise\u00f1o le permite observar el proceso de fabricaci\u00f3n de la tortilla desde que se prensa hasta el cocido del mismo. Haciendo que el proceso de tortilla de harina sea m\u00e1s simple y productivo.<\/p>\n<p>C\u00f3mo somos fabricantes nos adaptamos a lo que el cliente necesite realizando pruebas y haciendo modificaciones en nuestras maquinas.<\/p>\n<p>Estamos en contacto con nuestros clientes d\u00e1ndoles asesor\u00eda v\u00eda telef\u00f3nica o por WhatsApp.<\/p>\n<p><strong>MEDIDAS<\/strong>:<br \/>\n1 m. de ancho por .90 cm. de largo y 1.40 cm. de alto.<\/p>\n<p><strong>PRODUCCI\u00d3N<\/strong>:<br \/>\nCoce mas de 1,200 testales por hora aproximadamente.<\/p>\n<p><strong>CARACTER\u00cdSTICAS<\/strong>:<br \/>\n*Fabricada en acero reforzado.<br \/>\n*Corriente 110 o 220 seg\u00fan sus necesidades.<br \/>\n*Cocee tortilla hasta 45 cm.<br \/>\n*Tiene ruedas para su f\u00e1cil traslado.<br \/>\n*Cuenta con ventanas de vidrio.<br \/>\n*Los resbaladeros son de acero inoxidable.<br \/>\n*Cuenta con campana y banda de salida.<br \/>\n*Los quemadores son ajustable con las perillas.<br \/>\n*Se puede fabricar con las medidas que requiera.<\/p>\n<p><strong>TIEMPO DE ENTREGA<\/strong><br \/>\nDe 4 a 5 Semanas, Se paga el 50% al ordenar y el resto al estar lista la m\u00e1quina<\/p>\n<p><strong>ENTREGA EXPRESS<\/strong><br \/>\nDe 7 a 10 d\u00edas siendo el pago es de contado directamente a la cuenta de MAQNUSA<\/p>\n<p>Tambi\u00e9n podemos enviar a Estados Unidos, Canad\u00e1, San Jos\u00e9 Costa Rica, Guatemala etc.<\/p>\n<p>Para realizar la cotizaci\u00f3n envianos mediante la seccion de contacto o nuestro chat los siguientes datos.<br \/>\nSi requiere el env\u00edo a domicilio o ocurre.<br \/>\nPa\u00eds o Municipio.<br \/>\nC.P<\/p>\n<p><strong>GARANTIA<\/strong><br \/>\nDe 3 meses contra defecto de fabricaci\u00f3n, excepto en lo el\u00e9ctrico. Tambi\u00e9n para su mayor tranquilidad enviamos un video antes de enviarla la m\u00e1quina, el cual consta en buen funcionamiento de la m\u00e1quina o en su caso puede venir el cliente personalmente a checar el funcionamiento de la misma.<\/p>\n<p>Nota:<br \/>\nEsta m\u00e1quina es pr\u00e1cticamente nueva lo \u00fanico que es usado es el motorreductor el cual es probado anteriormente por una persona especializada para su buen funcionamiento ya que si fueran nuevos se elevar\u00eda demasiado el precio de la m\u00e1quina.<\/p>\n","protected":false},"excerpt":{"rendered":"<p>ESPECIFICACIONES Cocee la tortilla de harina de forma autom\u00e1tica ideal para comercios donde hay contacto con los clientes, su dise\u00f1o le permite observar el proceso de fabricaci\u00f3n de la tortilla&#8230;<\/p>\n","protected":false},"featured_media":224,"comment_status":"open","ping_status":"closed","template":"","meta":[],"product_brand":[],"product_cat":[18],"product_tag":[],"class_list":{"0":"post-223","1":"product","2":"type-product","3":"status-publish","4":"has-post-thumbnail","6":"product_cat-tortilladoras","8":"first","9":"instock","10":"shipping-taxable","11":"purchasable","12":"product-type-simple"},"_links":{"self":[{"href":"https:\/\/maqnusa.com\/index.php?rest_route=\/wp\/v2\/product\/223","targetHints":{"allow":["GET"]}}],"collection":[{"href":"https:\/\/maqnusa.com\/index.php?rest_route=\/wp\/v2\/product"}],"about":[{"href":"https:\/\/maqnusa.com\/index.php?rest_route=\/wp\/v2\/types\/product"}],"replies":[{"embeddable":true,"href":"https:\/\/maqnusa.com\/index.php?rest_route=%2Fwp%2Fv2%2Fcomments&post=223"}],"wp:featuredmedia":[{"embeddable":true,"href":"https:\/\/maqnusa.com\/index.php?rest_route=\/wp\/v2\/media\/224"}],"wp:attachment":[{"href":"https:\/\/maqnusa.com\/index.php?rest_route=%2Fwp%2Fv2%2Fmedia&parent=223"}],"wp:term":[{"taxonomy":"product_brand","embeddable":true,"href":"https:\/\/maqnusa.com\/index.php?rest_route=%2Fwp%2Fv2%2Fproduct_brand&post=223"},{"taxonomy":"product_cat","embeddable":true,"href":"https:\/\/maqnusa.com\/index.php?rest_route=%2Fwp%2Fv2%2Fproduct_cat&post=223"},{"taxonomy":"product_tag","embeddable":true,"href":"https:\/\/maqnusa.com\/index.php?rest_route=%2Fwp%2Fv2%2Fproduct_tag&post=223"}],"curies":[{"name":"wp","href":"https:\/\/api.w.org\/{rel}","templated":true}]}}