{"id":225,"date":"2023-03-10T18:40:11","date_gmt":"2023-03-10T18:40:11","guid":{"rendered":"https:\/\/maqnusa.com\/?post_type=product&#038;p=225"},"modified":"2025-03-20T19:55:22","modified_gmt":"2025-03-21T01:55:22","slug":"banda-enfriadora-de-5-niveles","status":"publish","type":"product","link":"https:\/\/maqnusa.com\/?product=banda-enfriadora-de-5-niveles","title":{"rendered":"Banda enfriadora de 5 niveles"},"content":{"rendered":"<p><iframe loading=\"lazy\" class=\"aligncenter\" src=\"https:\/\/www.youtube.com\/embed\/Juj0N4gTf-Q\" width=\"560\" height=\"315\" frameborder=\"0\" allowfullscreen=\"allowfullscreen\"><\/iframe><br \/>\n<strong>ESPECIFICACIONES:<\/strong><\/p>\n<p>Esta maquina es indispensable para un buen enfriado del producto. La tortilla sale a una temperatura de empaque al final ayudando a que su proceso de producci\u00f3n sea m\u00e1s din\u00e1mico haciendo m\u00e1s funcionales los espacios de su negocio. Se le pueden a\u00f1adir dos abanicos en la parte de arriba para acelerar el proceso de enfriamiento.<\/p>\n<p>Se puede fabricar con los niveles que necesite el cliente y el ancho tambi\u00e9n se puede modificar, Por si requiere que una sola enfriadora le de abastecimiento a dos hornos.<\/p>\n<p>Es de las pocas m\u00e1quinas con control que es el que regula la velocidad de la banda y as\u00ed su enfriamiento<\/p>\n<p>C\u00f3mo somos fabricantes nos adaptamos a lo que el cliente necesite realizando pruebas y haciendo modificaciones en nuestras m\u00e1quinas.<\/p>\n<p>Estamos en contacto con nuestros clientes d\u00e1ndoles asesor\u00eda v\u00eda telef\u00f3nica o por WhatsApp.<\/p>\n<p><strong>MEDIDAS:<\/strong><br \/>\nAncho de .45 por 3 m. de largo y de alto 1.40<\/p>\n<p><strong>PRODUCCI\u00d3N:<\/strong><br \/>\n1,200 testales por hora aproximadamente.<\/p>\n<p><strong>CARACTER\u00cdSTICAS:<\/strong><br \/>\n*Fabricada en acero.<br \/>\n*Corriente 110 o 220 seg\u00fan sus necesidades.<br \/>\n*Enfr\u00eda tortilla hasta 45 cm.<br \/>\n*Los resbaladeros son de acero inoxidable.<br \/>\n*La malla es galvanizada.<br \/>\n*Se puede fabricar con las medidas que requiera.<br \/>\n*Esta m\u00e1quina lleva un control para regular la velocidad de la banda enfriadora.<\/p>\n<p><strong>TIEMPO DE ENTREGA:<\/strong><br \/>\nDe 4 a 5 Semanas, Se paga el 50% al ordenar y el resto al estar lista la m\u00e1quina<\/p>\n<p><strong>ENTREGA EXPRESS:\u00a0<\/strong><br \/>\nDe 7 a 10 d\u00edas siendo el pago es de contado directamente a la cuenta de MAQNUSA<\/p>\n<p>Tambi\u00e9n podemos enviar a Estados Unidos, Canad\u00e1, San Jos\u00e9 Costa Rica, Guatemala etc.<\/p>\n<p>Para realizar la cotizaci\u00f3n env\u00edanos mediante la secci\u00f3n de contacto o nuestro chat \u00a0los siguientes datos.<br \/>\nSi requiere el env\u00edo a domicilio o ocurre.<br \/>\nPa\u00eds o Municipio.<br \/>\nC.P<\/p>\n<p><strong>GARANT\u00cdA<\/strong><br \/>\nLa garant\u00eda de 6 meses contra defecto de fabricaci\u00f3n, Tambien se les env\u00eda un video por correo o por Whatsapp antes de enviarla en el cual consta en buen funcionamiento de la maquina o en su caso puede venir el cliente a checar el funcionamiento de la misma a nuestro taller.<\/p>\n<p><strong>METODOS DE PAGO<\/strong><\/p>\n<p>*Efectivo pagando en nuestro taller ubicado en Monterrey<\/p>\n<p>*Transferencia o Dep\u00f3sitos Bancarios<\/p>\n<p>*Pago con Tarjeta de Debito o Cr\u00e9dito<\/p>\n<p>*Si usted se ubica en otro estado o pa\u00eds puede realizar pagos con tarjetas de debito o cr\u00e9dito mediante Links de Pago<\/p>\n<p><strong>Nota:<\/strong><br \/>\nEsta m\u00e1quina es pr\u00e1cticamente nueva lo \u00fanico que es usado es el motorreductor, el cual es probado anteriormente por una persona especializada para su buen funcionamiento ya que si fueran nuevos se elevar\u00eda demasiado el precio de la m\u00e1quina.<\/p>\n","protected":false},"excerpt":{"rendered":"<p>ESPECIFICACIONES: Esta maquina es indispensable para un buen enfriado del producto. La tortilla sale a una temperatura de empaque al final ayudando a que su proceso de producci\u00f3n sea m\u00e1s&#8230;<\/p>\n","protected":false},"featured_media":226,"comment_status":"open","ping_status":"closed","template":"","meta":[],"product_brand":[],"product_cat":[18],"product_tag":[],"class_list":{"0":"post-225","1":"product","2":"type-product","3":"status-publish","4":"has-post-thumbnail","6":"product_cat-tortilladoras","8":"first","9":"instock","10":"shipping-taxable","11":"purchasable","12":"product-type-simple"},"_links":{"self":[{"href":"https:\/\/maqnusa.com\/index.php?rest_route=\/wp\/v2\/product\/225","targetHints":{"allow":["GET"]}}],"collection":[{"href":"https:\/\/maqnusa.com\/index.php?rest_route=\/wp\/v2\/product"}],"about":[{"href":"https:\/\/maqnusa.com\/index.php?rest_route=\/wp\/v2\/types\/product"}],"replies":[{"embeddable":true,"href":"https:\/\/maqnusa.com\/index.php?rest_route=%2Fwp%2Fv2%2Fcomments&post=225"}],"wp:featuredmedia":[{"embeddable":true,"href":"https:\/\/maqnusa.com\/index.php?rest_route=\/wp\/v2\/media\/226"}],"wp:attachment":[{"href":"https:\/\/maqnusa.com\/index.php?rest_route=%2Fwp%2Fv2%2Fmedia&parent=225"}],"wp:term":[{"taxonomy":"product_brand","embeddable":true,"href":"https:\/\/maqnusa.com\/index.php?rest_route=%2Fwp%2Fv2%2Fproduct_brand&post=225"},{"taxonomy":"product_cat","embeddable":true,"href":"https:\/\/maqnusa.com\/index.php?rest_route=%2Fwp%2Fv2%2Fproduct_cat&post=225"},{"taxonomy":"product_tag","embeddable":true,"href":"https:\/\/maqnusa.com\/index.php?rest_route=%2Fwp%2Fv2%2Fproduct_tag&post=225"}],"curies":[{"name":"wp","href":"https:\/\/api.w.org\/{rel}","templated":true}]}}