{"id":227,"date":"2023-03-10T18:51:20","date_gmt":"2023-03-10T18:51:20","guid":{"rendered":"https:\/\/maqnusa.com\/?post_type=product&#038;p=227"},"modified":"2025-03-20T19:51:47","modified_gmt":"2025-03-21T01:51:47","slug":"boleadora-de-banda-automatica-y-doble-riel","status":"publish","type":"product","link":"https:\/\/maqnusa.com\/?product=boleadora-de-banda-automatica-y-doble-riel","title":{"rendered":"Boleadora de banda autom\u00e1tica y Doble Riel"},"content":{"rendered":"<p><iframe loading=\"lazy\" class=\"aligncenter\" src=\"https:\/\/www.youtube.com\/embed\/YjoKSFik6rY\" width=\"560\" height=\"315\" frameborder=\"0\" allowfullscreen=\"allowfullscreen\"><\/iframe><\/p>\n<table border=\"1\" cellspacing=\"1\" cellpadding=\"1\">\n<tbody>\n<tr>\n<td>$30,000 MXN Con 1 Riel<\/td>\n<td>$38,000 MXN Con 2 Rieles<\/td>\n<\/tr>\n<\/tbody>\n<\/table>\n<p><strong>ESPECIFICACIONES:<\/strong><br \/>\nEsta m\u00e1quina bolea testales desde 15 gr. hasta 200 gr. Dando una rapidez y precisi\u00f3n al boleo agilizando el proceso de elaboraci\u00f3n de la tortilla. Siendo una m\u00e1quina muy eficiente por su sencilla y practica elaboraci\u00f3n.<\/p>\n<p>Tambi\u00e9n contamos con la Boleadora de Doble Riel de Boleo, siendo una de las pocas con este sistema que permite agilizar doblemente el proceso de elaboraci\u00f3n\u00a0 de la Tortilla.<\/p>\n<p>Se puede usar este tipo de m\u00e1quina tambi\u00e9n para el boleo masa para pizzas o pan. Solo que el dise\u00f1o y precio var\u00eda por sus dimensiones al fabricar.<\/p>\n<p>C\u00f3mo somos fabricantes nos adaptamos a lo que el cliente necesite realizando pruebas y haciendo modificaciones en nuestras maquinas.<\/p>\n<p>Estamos en contacto con nuestros clientes d\u00e1ndoles asesor\u00eda v\u00eda telef\u00f3nica o por WhatsApp.<\/p>\n<p><strong>MEDIDAS:<\/strong><br \/>\nAncho de .74 cm. por 1.10 m. de largo y de Alto 1 m.<\/p>\n<p><strong>PRODUCCI\u00d3N:<\/strong><br \/>\n1,800 testales por hora aproximadamente.<\/p>\n<p><strong>CARACTER\u00cdSTICAS:<\/strong><br \/>\n*Banda de grado alimenticio.<br \/>\n*Corriente 110 o 220 seg\u00fan sus necesidades.<br \/>\n*Bolea masa desde 15 gr. hasta 200 gr.<br \/>\n*El riel es de acero inoxidable.<br \/>\n*Tiene un motorreductor que es el que mueve la banda.<br \/>\n*Fabricada en acero reforzado.<\/p>\n<p><strong>TIEMPO DE ENTREGA:<\/strong><br \/>\nDe 4 a 5 Semanas, Se paga el 50% al ordenar y el resto al estar lista la m\u00e1quina<\/p>\n<p><strong>ENTREGA EXPRESS:<\/strong><br \/>\nDe 7 a 10 d\u00edas siendo el pago es de contado directamente a la cuenta de MAQNUSA<\/p>\n<p>Tambi\u00e9n podemos enviar a Estados Unidos, Canad\u00e1, San Jos\u00e9 Costa Rica, Guatemala etc.<\/p>\n<p>Para realizar la cotizaci\u00f3n envianos mediante la seccion de contacto o nuestro chat \u00a0los siguientes datos.<br \/>\nSi requiere el env\u00edo a domicilio o ocurre.<br \/>\nPa\u00eds o Municipio.<br \/>\nC.P.<\/p>\n<p><strong>GARANT\u00cdA<\/strong><br \/>\nLa garant\u00eda de 6 meses contra defecto de fabricaci\u00f3n, Tambien se les env\u00eda un video por correo o por Whatsapp antes de enviarla en el cual consta en buen funcionamiento de la maquina o en su caso puede venir el cliente a checar el funcionamiento de la misma a nuestro taller.<\/p>\n<p><strong>METODOS DE PAGO<\/strong><\/p>\n<p>*Efectivo pagando en nuestro taller ubicado en Monterrey<\/p>\n<p>*Transferencia o Dep\u00f3sitos Bancarios<\/p>\n<p>*Pago con Tarjeta de Debito o Cr\u00e9dito<\/p>\n<p>*Si usted se ubica en otro estado o pa\u00eds puede realizar pagos con tarjetas de debito o cr\u00e9dito mediante Links de Pago<\/p>\n<p><strong>Nota:<\/strong><br \/>\nEsta m\u00e1quina es pr\u00e1cticamente nueva lo \u00fanico que es usado es el motorreductor, el cual es probado anteriormente por una persona especializada para su buen funcionamiento ya que si fueran nuevos se elevar\u00eda demasiado el precio de la m\u00e1quina.<\/p>\n","protected":false},"excerpt":{"rendered":"<p>$30,000 MXN Con 1 Riel $38,000 MXN Con 2 Rieles ESPECIFICACIONES: Esta m\u00e1quina bolea testales desde 15 gr. hasta 200 gr. Dando una rapidez y precisi\u00f3n al boleo agilizando el&#8230;<\/p>\n","protected":false},"featured_media":228,"comment_status":"open","ping_status":"closed","template":"","meta":[],"product_brand":[],"product_cat":[18],"product_tag":[],"class_list":{"0":"post-227","1":"product","2":"type-product","3":"status-publish","4":"has-post-thumbnail","6":"product_cat-tortilladoras","8":"first","9":"instock","10":"shipping-taxable","11":"purchasable","12":"product-type-variable"},"_links":{"self":[{"href":"https:\/\/maqnusa.com\/index.php?rest_route=\/wp\/v2\/product\/227","targetHints":{"allow":["GET"]}}],"collection":[{"href":"https:\/\/maqnusa.com\/index.php?rest_route=\/wp\/v2\/product"}],"about":[{"href":"https:\/\/maqnusa.com\/index.php?rest_route=\/wp\/v2\/types\/product"}],"replies":[{"embeddable":true,"href":"https:\/\/maqnusa.com\/index.php?rest_route=%2Fwp%2Fv2%2Fcomments&post=227"}],"wp:featuredmedia":[{"embeddable":true,"href":"https:\/\/maqnusa.com\/index.php?rest_route=\/wp\/v2\/media\/228"}],"wp:attachment":[{"href":"https:\/\/maqnusa.com\/index.php?rest_route=%2Fwp%2Fv2%2Fmedia&parent=227"}],"wp:term":[{"taxonomy":"product_brand","embeddable":true,"href":"https:\/\/maqnusa.com\/index.php?rest_route=%2Fwp%2Fv2%2Fproduct_brand&post=227"},{"taxonomy":"product_cat","embeddable":true,"href":"https:\/\/maqnusa.com\/index.php?rest_route=%2Fwp%2Fv2%2Fproduct_cat&post=227"},{"taxonomy":"product_tag","embeddable":true,"href":"https:\/\/maqnusa.com\/index.php?rest_route=%2Fwp%2Fv2%2Fproduct_tag&post=227"}],"curies":[{"name":"wp","href":"https:\/\/api.w.org\/{rel}","templated":true}]}}