{"id":287,"date":"2023-03-17T19:54:39","date_gmt":"2023-03-17T19:54:39","guid":{"rendered":"https:\/\/maqnusa.com\/?post_type=product&#038;p=287"},"modified":"2023-03-27T23:00:14","modified_gmt":"2023-03-27T23:00:14","slug":"horno-de-ropero-estatico-y-giratorio","status":"publish","type":"product","link":"https:\/\/maqnusa.com\/?product=horno-de-ropero-estatico-y-giratorio","title":{"rendered":"Horno de ropero estatico y giratorio"},"content":{"rendered":"<p><strong>PRECIO SEGUN SU CAPACIDAD Y DISE\u00d1O:<\/strong><\/p>\n<table border=\"1\" cellspacing=\"1\" cellpadding=\"1\">\n<tbody>\n<tr>\n<td>CAPACIDAD DEL\u00a0<strong>ESTATICO<\/strong><\/td>\n<td>ALTO<\/td>\n<td>LARGO<\/td>\n<td>ANCHO<\/td>\n<td>PRECIO<\/td>\n<\/tr>\n<tr>\n<td>6 Charolas<\/td>\n<td>1.40m<\/td>\n<td>0.95cm<\/td>\n<td>1.30m<\/td>\n<td>$36,800MXN<\/td>\n<\/tr>\n<tr>\n<td>10 Charolas<\/td>\n<td>1.65m<\/td>\n<td>0.97m<\/td>\n<td>1.30m<\/td>\n<td>$48,000MXN<\/td>\n<\/tr>\n<tr>\n<td>12 Charolas<\/td>\n<td>1.70m<\/td>\n<td>0.97<\/td>\n<td>1.35m<\/td>\n<td>$52,800MXN<\/td>\n<\/tr>\n<tr>\n<td>CAPACIDAD DEL\u00a0<strong>GIRATORIO<\/strong><\/td>\n<td>ALTO<\/td>\n<td>LARGO<\/td>\n<td>ANCHO<\/td>\n<td>PRECIO<\/td>\n<\/tr>\n<tr>\n<td>6 Charolas<\/td>\n<td>1.47m<\/td>\n<td>1.50m<\/td>\n<td>1.37m<\/td>\n<td>$54,000MXN<\/td>\n<\/tr>\n<tr>\n<td>10 Charolas<\/td>\n<td>1.95m<\/td>\n<td>1.50m<\/td>\n<td>1.40m<\/td>\n<td>$75,000MXN<\/td>\n<\/tr>\n<tr>\n<td>12 Charolas<\/td>\n<td>2.07m<\/td>\n<td>1.50cm<\/td>\n<td>1.40m<\/td>\n<td>$90,000MXN<\/td>\n<\/tr>\n<\/tbody>\n<\/table>\n<p style=\"font-weight: 400;\"><b><strong>FUNCION DEL HORNO DE ROPERO EQUIPADO:<\/strong><\/b><\/p>\n<p style=\"font-weight: 400;\">Especial para todo tipo de pan.<\/p>\n<p style=\"font-weight: 400;\">Vive la experiencia de hornear tus recetas favoritas de un modo m\u00e1s pr\u00e1ctico y r\u00e1pido, gracias al sistema con el que cuentan nuestros hornos que distribuye el calor uniformemente disminuyendo las mermas por pan crudo o sobrecocido y el consumo de gas.<\/p>\n<p style=\"font-weight: 400;\">El horneado en este tipo de hornos es mas uniforme ya que el sistema de ventilaci\u00f3n hace que el aire circule uniformemente para una mayor distribuci\u00f3n de calor.<\/p>\n<p style=\"font-weight: 400;\">Y al hacer circular su mismo aire requiere menos tiempo de cocci\u00f3n, por lo cual hay mayor ahorro de gas tambi\u00e9n y del consumo de energ\u00eda el\u00e9ctrica.<\/p>\n<p style=\"font-weight: 400;\">En el rack usted puede a\u00f1adir las bandejas que necesite a diferentes alturas para que pueda aprovecha al m\u00e1ximo cada horneado. Adem\u00e1s son removibles por lo que horno se adapta a las necesidades de cada momento.<\/p>\n<p style=\"font-weight: 400;\">En cuanto a su mecanismo de vapor este es utilizado para retener la mayor cantidad de humedad en la cocci\u00f3n, protegiendo las propiedades de los productos cocidos y sobre todo, realzando su sabor final.<\/p>\n<p style=\"font-weight: 400;\">Es muy vers\u00e1til y el funcionamiento es sencillo. Es ideal para hornear cualquier cosa, se trata de un todoterreno para panader\u00edas y pasteler\u00edas\u00a0o\u00a0negocios tradicionales que se dedican a cocer pan, hornear pizzas, cocer galletas y bizcochos etc.<\/p>\n<p style=\"font-weight: 400;\"><b><strong>DIFERENCIAS ENTRE EL GIRATORIO Y EL ESTATICO:<\/strong><\/b><\/p>\n<p style=\"font-weight: 400;\">HORNO<i><em>\u00a0<b><strong>GIRATORIO<\/strong><\/b><\/em><\/i><b><strong>:<\/strong><\/b><\/p>\n<p style=\"font-weight: 400;\">Este tipo de horno destaca por mantener el calor que nosotros necesitemos, cuenta con un rack dentro del mismo el cual rota sobre su propio eje y as\u00ed se logra un acabado homog\u00e9neo, Es importante resaltar que tiene un sistema de ventilaci\u00f3n propio que mueve el aire caliente por toda la c\u00e1mara.<\/p>\n<p style=\"font-weight: 400;\">HORNO<i><em>\u00a0<b><strong>ESTATICO<\/strong><\/b>:<\/em><\/i><\/p>\n<p style=\"font-weight: 400;\">Este tipo de horno emplea el mismo mecanismo, solo que el rack es fijo.\u00a0Es importante resaltar que tiene un sistema de ventilaci\u00f3n propio que mueve el aire caliente por toda la c\u00e1mara.<\/p>\n<p style=\"font-weight: 400;\">* Fabricado en lamina negra cal. 18 esmaltada<\/p>\n<p style=\"font-weight: 400;\">* Forro exterior en acero inoxidable<\/p>\n<p style=\"font-weight: 400;\">* Para charolas de 45 x 65 cm<\/p>\n<p style=\"font-weight: 400;\">* Cristal templado<\/p>\n<p style=\"font-weight: 400;\">* Luz interior<\/p>\n<p style=\"font-weight: 400;\">* Aislamiento de fibra de vidrio en todas sus paredes (Incluyendo puerta)<\/p>\n<p style=\"font-weight: 400;\">* Termostato DIGITAL, para un mejor control de temperatura y mayor ahorro de gas.<\/p>\n<p style=\"font-weight: 400;\">* Ventilador para una mayor distribuci\u00f3n de calor<\/p>\n<p style=\"font-weight: 400;\">* Vaporizador tipo cascada<\/p>\n<p style=\"font-weight: 400;\">* Focos indicadores<\/p>\n<p style=\"font-weight: 400;\">* Quemadores tipo flauta semiautom\u00e1ticos<\/p>\n<p style=\"font-weight: 400;\">* Temperatura de 0\u00b0C a 300\u00b0C<\/p>\n<p style=\"font-weight: 400;\"><b><strong>TIEMPO DE ENTREGA<\/strong><\/b><\/p>\n<p style=\"font-weight: 400;\">De 3 a 5 d\u00edas h\u00e1biles.<\/p>\n<p style=\"font-weight: 400;\"><b><strong>FLETE<\/strong><\/b><\/p>\n<p style=\"font-weight: 400;\">A ocurre corre por cuenta del comprador, Realizamos env\u00edos Nacionales e Internacionales.\u00a0Para realizar la cotizaci\u00f3n env\u00edenos mediante la secci\u00f3n de contacto o nuestro chat \u00a0los siguientes datos. Pa\u00eds, Ciudad, Municipio o Localidad y su Cp.<\/p>\n<p style=\"font-weight: 400;\"><b><strong>GARANTIA<\/strong><\/b><\/p>\n<p style=\"font-weight: 400;\">La garant\u00eda de 6 meses contra defecto de fabricaci\u00f3n , Tambien se les env\u00eda un video por correo o por Whatsapp antes de enviarla en el cual consta en buen funcionamiento de la maquina o en su caso puede venir el cliente a checar el funcionamiento de la misma a nuestro taller.<\/p>\n<p style=\"font-weight: 400;\"><b><strong>METODOS DE PAGO<\/strong><\/b><\/p>\n<p style=\"font-weight: 400;\">*Efectivo pagando en nuestro taller ubicado en Monterrey<\/p>\n<p style=\"font-weight: 400;\">*Transferencia o Dep\u00f3sitos Bancarios<\/p>\n<p style=\"font-weight: 400;\">*Pago con Tarjeta de Debito o Cr\u00e9dito<\/p>\n<p style=\"font-weight: 400;\">*Si usted se ubica en otro estado o pa\u00eds puede realizar pagos con tarjetas de debito o cr\u00e9dito mediante Links de Pago<\/p>\n","protected":false},"excerpt":{"rendered":"<p>PRECIO SEGUN SU CAPACIDAD Y DISE\u00d1O: CAPACIDAD DEL\u00a0ESTATICO ALTO LARGO ANCHO PRECIO 6 Charolas 1.40m 0.95cm 1.30m $36,800MXN 10 Charolas 1.65m 0.97m 1.30m $48,000MXN 12 Charolas 1.70m 0.97 1.35m $52,800MXN&#8230;<\/p>\n","protected":false},"featured_media":289,"comment_status":"open","ping_status":"closed","template":"","meta":[],"product_brand":[],"product_cat":[19],"product_tag":[],"class_list":{"0":"post-287","1":"product","2":"type-product","3":"status-publish","4":"has-post-thumbnail","6":"product_cat-panaderias","8":"first","9":"instock","10":"shipping-taxable","11":"purchasable","12":"product-type-variable"},"_links":{"self":[{"href":"https:\/\/maqnusa.com\/index.php?rest_route=\/wp\/v2\/product\/287","targetHints":{"allow":["GET"]}}],"collection":[{"href":"https:\/\/maqnusa.com\/index.php?rest_route=\/wp\/v2\/product"}],"about":[{"href":"https:\/\/maqnusa.com\/index.php?rest_route=\/wp\/v2\/types\/product"}],"replies":[{"embeddable":true,"href":"https:\/\/maqnusa.com\/index.php?rest_route=%2Fwp%2Fv2%2Fcomments&post=287"}],"wp:featuredmedia":[{"embeddable":true,"href":"https:\/\/maqnusa.com\/index.php?rest_route=\/wp\/v2\/media\/289"}],"wp:attachment":[{"href":"https:\/\/maqnusa.com\/index.php?rest_route=%2Fwp%2Fv2%2Fmedia&parent=287"}],"wp:term":[{"taxonomy":"product_brand","embeddable":true,"href":"https:\/\/maqnusa.com\/index.php?rest_route=%2Fwp%2Fv2%2Fproduct_brand&post=287"},{"taxonomy":"product_cat","embeddable":true,"href":"https:\/\/maqnusa.com\/index.php?rest_route=%2Fwp%2Fv2%2Fproduct_cat&post=287"},{"taxonomy":"product_tag","embeddable":true,"href":"https:\/\/maqnusa.com\/index.php?rest_route=%2Fwp%2Fv2%2Fproduct_tag&post=287"}],"curies":[{"name":"wp","href":"https:\/\/api.w.org\/{rel}","templated":true}]}}