{"id":313,"date":"2023-03-17T23:01:58","date_gmt":"2023-03-17T23:01:58","guid":{"rendered":"https:\/\/maqnusa.com\/?post_type=product&#038;p=313"},"modified":"2023-03-27T01:51:56","modified_gmt":"2023-03-27T01:51:56","slug":"horno-para-pizza-2","status":"publish","type":"product","link":"https:\/\/maqnusa.com\/?product=horno-para-pizza-2","title":{"rendered":"Horno para Pizza"},"content":{"rendered":"<p><strong>PRECIOS SEGUN SU CAPACIDAD:<\/strong><\/p>\n<table border=\"1\" cellspacing=\"0\" cellpadding=\"0\" align=\"center\">\n<tbody>\n<tr>\n<td>\n<p align=\"center\"><a name=\"_Hlk35461641\"><\/a><strong>CAPACIDAD<\/strong><\/p>\n<\/td>\n<td><strong>INCLUYE<\/strong><\/td>\n<td>\n<p align=\"center\"><a name=\"_Hlk35461641\"><\/a><strong>COSTO<\/strong><\/p>\n<\/td>\n<\/tr>\n<tr>\n<td>\n<p align=\"center\">2 Pizzas Familiares<\/p>\n<\/td>\n<td>\n<p align=\"center\">8 Ladrillos<\/p>\n<\/td>\n<td><a class=\"red-ar-m-ov-mxall\" href=\"https:\/\/www.mercadopago.com.mx\/checkout\/v1\/redirect?pref_id=29609448-f8964055-0668-4b74-8637-3ae0af9cab69\" name=\"MP-payButton\">$9,180 MXN<\/a><\/td>\n<\/tr>\n<tr>\n<td>\n<p align=\"center\">4 Pizzas Familiares<\/p>\n<\/td>\n<td>\n<p align=\"center\">14 Ladrillos<\/p>\n<\/td>\n<td><a class=\"red-ar-m-ov-mxall\" href=\"https:\/\/www.mercadopago.com.mx\/checkout\/v1\/redirect?pref_id=29609448-549fce25-7145-4205-8ed1-640a396f2c78\" name=\"MP-payButton\">$13,770 MXN<\/a><\/td>\n<\/tr>\n<tr>\n<td>\n<p align=\"center\">4 Pizzas Familiares<\/p>\n<\/td>\n<td>\n<p align=\"center\">14 Ladrillos, Gratinador, Cristal y Luz Interior<\/p>\n<\/td>\n<td><a class=\"red-ar-m-ov-mxall\" href=\"https:\/\/www.mercadopago.com.mx\/checkout\/v1\/redirect?pref_id=29609448-2d6bc0db-869a-404e-8b3d-ffeda4a46805\" name=\"MP-payButton\">$15,300 MXN<\/a><\/td>\n<\/tr>\n<tr>\n<td>\n<p align=\"center\">6 Pizzas Familiares<\/p>\n<\/td>\n<td>\n<p align=\"center\">18 Ladrillos<\/p>\n<\/td>\n<td><a class=\"red-ar-m-ov-mxall\" href=\"https:\/\/www.mercadopago.com.mx\/checkout\/v1\/redirect?pref_id=29609448-9da421bf-70f4-4de7-88f6-fabce42086b3\" name=\"MP-payButton\">$15,300 MXN<\/a><\/td>\n<\/tr>\n<\/tbody>\n<\/table>\n<div><\/div>\n<p><strong>FUNCION DE LA MAQUINA:<\/strong><\/p>\n<p>Este Horno De Gaveta para Pizza es la soluci\u00f3n perfecta para aquellos que quieran cocinar con facilidad. Dise\u00f1ado para ahorrar tiempo y esfuerzo, con el horno para pizza podr\u00e1s hornear cualquier cosa, desde la masa para panes a galletas. Pru\u00e9balo hoy y disfruta de una experiencia de hornear sin igual.<\/p>\n<p>Este tipo de hornos cuenta con ladrillos refractarios los cuales aumentan la resistencia a las altas temperaturas por lo cual son muy empleados para revestir hornos.<\/p>\n<p>El horno es un producto de alto rendimiento ideal para panificadoras, reposter\u00edas o pizzer\u00edas profesionales por su completa uniformidad de cocci\u00f3n, dise\u00f1ados para favorecer siempre un tipo de cocci\u00f3n tradicional. El producto queda perfectamente cocido en su exterior manteniendo la humedad constante en su interior.<\/p>\n<p><strong>ESPECIFICACIONES:<\/strong><\/p>\n<p>* Acabado laminado -esmaltado<\/p>\n<p>* Aislamiento t\u00e9rmico de fibra de vidrio<\/p>\n<p>* Incluye v\u00e1lvula de control de calor<\/p>\n<p>* Term\u00f3metro con un rango de 0 a 300\u00b0 C<\/p>\n<p>* Parrillas reforzadas y movibles<\/p>\n<p>* Ideal Para Pizzeria<\/p>\n<p>* Salida tipo Chimenea<\/p>\n<p>* Cama de ladrillo refractario<\/p>\n<p>* Fabricado en calibre 18<\/p>\n<p><strong>TIEMPO DE ENTREGA<\/strong><\/p>\n<p>De 3 a 5 d\u00edas h\u00e1biles.<\/p>\n<p><strong>FLETE<\/strong><\/p>\n<p>A ocurre corre por cuenta del comprador, Realizamos env\u00edos Nacionales e Internacionales.\u00a0Para realizar la cotizaci\u00f3n env\u00edenos mediante la secci\u00f3n de contacto o nuestro chat \u00a0los siguientes datos. Pa\u00eds, Ciudad, Municipio o Localidad y su Cp.<\/p>\n<p><strong>GARANTIA<\/strong><\/p>\n<p>La garant\u00eda de 6 meses contra defecto de fabricaci\u00f3n , Tambien se les env\u00eda un video por correo o por Whatsapp antes de enviarla en el cual consta en buen funcionamiento de la maquina o en su caso puede venir el cliente a checar el funcionamiento de la misma a nuestro taller.<\/p>\n<p><strong>METODOS DE PAGO<\/strong><\/p>\n<p>*Efectivo pagando en nuestro taller ubicado en Monterrey<\/p>\n<p>*Transferencia o Dep\u00f3sitos Bancarios<\/p>\n<p>*Pago con Tarjeta de Debito o Cr\u00e9dito<\/p>\n<p>*Si usted se ubica en otro estado o pa\u00eds puede realizar pagos con tarjetas de debito o cr\u00e9dito mediante Links de Pago<\/p>\n","protected":false},"excerpt":{"rendered":"<p>PRECIOS SEGUN SU CAPACIDAD: CAPACIDAD INCLUYE COSTO 2 Pizzas Familiares 8 Ladrillos $9,180 MXN 4 Pizzas Familiares 14 Ladrillos $13,770 MXN 4 Pizzas Familiares 14 Ladrillos, Gratinador, Cristal y Luz&#8230;<\/p>\n","protected":false},"featured_media":314,"comment_status":"open","ping_status":"closed","template":"","meta":[],"product_brand":[],"product_cat":[20],"product_tag":[],"class_list":{"0":"post-313","1":"product","2":"type-product","3":"status-publish","4":"has-post-thumbnail","6":"product_cat-pizzerias","8":"first","9":"instock","10":"shipping-taxable","11":"purchasable","12":"product-type-variable"},"_links":{"self":[{"href":"https:\/\/maqnusa.com\/index.php?rest_route=\/wp\/v2\/product\/313","targetHints":{"allow":["GET"]}}],"collection":[{"href":"https:\/\/maqnusa.com\/index.php?rest_route=\/wp\/v2\/product"}],"about":[{"href":"https:\/\/maqnusa.com\/index.php?rest_route=\/wp\/v2\/types\/product"}],"replies":[{"embeddable":true,"href":"https:\/\/maqnusa.com\/index.php?rest_route=%2Fwp%2Fv2%2Fcomments&post=313"}],"wp:featuredmedia":[{"embeddable":true,"href":"https:\/\/maqnusa.com\/index.php?rest_route=\/wp\/v2\/media\/314"}],"wp:attachment":[{"href":"https:\/\/maqnusa.com\/index.php?rest_route=%2Fwp%2Fv2%2Fmedia&parent=313"}],"wp:term":[{"taxonomy":"product_brand","embeddable":true,"href":"https:\/\/maqnusa.com\/index.php?rest_route=%2Fwp%2Fv2%2Fproduct_brand&post=313"},{"taxonomy":"product_cat","embeddable":true,"href":"https:\/\/maqnusa.com\/index.php?rest_route=%2Fwp%2Fv2%2Fproduct_cat&post=313"},{"taxonomy":"product_tag","embeddable":true,"href":"https:\/\/maqnusa.com\/index.php?rest_route=%2Fwp%2Fv2%2Fproduct_tag&post=313"}],"curies":[{"name":"wp","href":"https:\/\/api.w.org\/{rel}","templated":true}]}}