{"id":322,"date":"2023-03-17T23:52:32","date_gmt":"2023-03-17T23:52:32","guid":{"rendered":"https:\/\/maqnusa.com\/?post_type=product&#038;p=322"},"modified":"2023-12-14T12:52:22","modified_gmt":"2023-12-14T18:52:22","slug":"equipo-semiautomatico-para-1000-tortillas-por-hora","status":"publish","type":"product","link":"https:\/\/maqnusa.com\/?product=equipo-semiautomatico-para-1000-tortillas-por-hora","title":{"rendered":"Equipo semiautomatico para 1000 tortillas por hora"},"content":{"rendered":"<h2>Descripci\u00f3n<\/h2>\n<p>Este Paquete es para una producci\u00f3n de mas de mil tortillas por hora y se puede realizar dicha producci\u00f3n con tan solo dos personas.<\/p>\n<p>Incluye:<br \/>\nAmasadora de 15 Kilos<br \/>\nCortadora Manual de 36 tantos<br \/>\nBoleadora Autom\u00e1tica<br \/>\nEspiguero Reforzado<br \/>\nCharolas Galvanizadas de 45 x 65 cm<br \/>\nPrensa Manual con Plancha<br \/>\nMesa Enfriadora<\/p>\n<p>*El tiempo de entrega es de 4 semanas ya que todo se fabrica sobre pedido dependiendo las necesidades de cada cliente.<\/p>\n<p>*El equipo cuenta con garant\u00eda por defecto de fabricaci\u00f3n<\/p>\n<p>*Para cotizar el envi\u00f3 solo env\u00edenos el cp. del destino<\/p>\n<p>*Somos fabricantes y nos adaptamos a sus necesidades y tambi\u00e9n manejamos equipo para panader\u00eda.<\/p>\n<p>*Y cualquier duda seguimos a sus ordenes atte. MAQNUSA<\/p>\n<p><strong>EQUIPO SEMI-AUTOMATICO<\/strong><\/p>\n<p><strong>Pago por MercadoPago con Tarjeta de Debito de Contado o Tarjeta de Credito, a 3, 6, 9 y 12 Meses<\/strong><\/p>\n","protected":false},"excerpt":{"rendered":"<p>Descripci\u00f3n Este Paquete es para una producci\u00f3n de mas de mil tortillas por hora y se puede realizar dicha producci\u00f3n con tan solo dos personas. Incluye: Amasadora de 15 Kilos&#8230;<\/p>\n","protected":false},"featured_media":323,"comment_status":"open","ping_status":"closed","template":"","meta":[],"product_brand":[],"product_cat":[16],"product_tag":[],"class_list":{"0":"post-322","1":"product","2":"type-product","3":"status-publish","4":"has-post-thumbnail","6":"product_cat-uncategorized","8":"first","9":"instock","10":"shipping-taxable","11":"purchasable","12":"product-type-simple"},"_links":{"self":[{"href":"https:\/\/maqnusa.com\/index.php?rest_route=\/wp\/v2\/product\/322","targetHints":{"allow":["GET"]}}],"collection":[{"href":"https:\/\/maqnusa.com\/index.php?rest_route=\/wp\/v2\/product"}],"about":[{"href":"https:\/\/maqnusa.com\/index.php?rest_route=\/wp\/v2\/types\/product"}],"replies":[{"embeddable":true,"href":"https:\/\/maqnusa.com\/index.php?rest_route=%2Fwp%2Fv2%2Fcomments&post=322"}],"wp:featuredmedia":[{"embeddable":true,"href":"https:\/\/maqnusa.com\/index.php?rest_route=\/wp\/v2\/media\/323"}],"wp:attachment":[{"href":"https:\/\/maqnusa.com\/index.php?rest_route=%2Fwp%2Fv2%2Fmedia&parent=322"}],"wp:term":[{"taxonomy":"product_brand","embeddable":true,"href":"https:\/\/maqnusa.com\/index.php?rest_route=%2Fwp%2Fv2%2Fproduct_brand&post=322"},{"taxonomy":"product_cat","embeddable":true,"href":"https:\/\/maqnusa.com\/index.php?rest_route=%2Fwp%2Fv2%2Fproduct_cat&post=322"},{"taxonomy":"product_tag","embeddable":true,"href":"https:\/\/maqnusa.com\/index.php?rest_route=%2Fwp%2Fv2%2Fproduct_tag&post=322"}],"curies":[{"name":"wp","href":"https:\/\/api.w.org\/{rel}","templated":true}]}}